{"id":3962,"date":"2023-09-27T17:48:08","date_gmt":"2023-09-27T17:48:08","guid":{"rendered":"https:\/\/tsstsn.com\/?post_type=product&#038;p=3962"},"modified":"2025-12-19T00:20:40","modified_gmt":"2025-12-19T00:20:40","slug":"high-potency-vitamin-c-gummies","status":"publish","type":"product","link":"https:\/\/tsstsn.com\/fr\/produit\/high-potency-vitamin-c-gummies\/","title":{"rendered":"Bonbons g\u00e9lifi\u00e9s \u00e0 la vitamine C \u00e0 haute puissance"},"content":{"rendered":"","protected":false},"excerpt":{"rendered":"<p>Brighten each day and get a super boost of vitamin C with Rainbow Light\u00ae High Potency Vitamin C Gummies. These citrus-flavored gummies are an easy\u2014and delicious\u2014way for the whole family to get everyday immune support.*<\/p>\n<ul>\n<li>Year-round immune support for adults, teens and kids ages 4 and up*<\/li>\n<li>Each daily serving provides 250 mg of vitamin C\u2014as much as 3 whole oranges*<\/li>\n<li>Provides antioxidant support from free radicals*<\/li>\n<\/ul>","protected":false},"featured_media":3963,"comment_status":"open","ping_status":"closed","template":"","meta":[],"product_brand":[],"product_cat":[199],"product_tag":[],"class_list":{"0":"post-3962","1":"product","2":"type-product","3":"status-publish","4":"has-post-thumbnail","6":"product_cat-collagen-and-supplements","8":"first","9":"instock","10":"shipping-taxable","11":"purchasable","12":"product-type-simple"},"jetpack_sharing_enabled":true,"_links":{"self":[{"href":"https:\/\/tsstsn.com\/fr\/wp-json\/wp\/v2\/product\/3962","targetHints":{"allow":["GET"]}}],"collection":[{"href":"https:\/\/tsstsn.com\/fr\/wp-json\/wp\/v2\/product"}],"about":[{"href":"https:\/\/tsstsn.com\/fr\/wp-json\/wp\/v2\/types\/product"}],"replies":[{"embeddable":true,"href":"https:\/\/tsstsn.com\/fr\/wp-json\/wp\/v2\/comments?post=3962"}],"wp:featuredmedia":[{"embeddable":true,"href":"https:\/\/tsstsn.com\/fr\/wp-json\/wp\/v2\/media\/3963"}],"wp:attachment":[{"href":"https:\/\/tsstsn.com\/fr\/wp-json\/wp\/v2\/media?parent=3962"}],"wp:term":[{"taxonomy":"product_brand","embeddable":true,"href":"https:\/\/tsstsn.com\/fr\/wp-json\/wp\/v2\/product_brand?post=3962"},{"taxonomy":"product_cat","embeddable":true,"href":"https:\/\/tsstsn.com\/fr\/wp-json\/wp\/v2\/product_cat?post=3962"},{"taxonomy":"product_tag","embeddable":true,"href":"https:\/\/tsstsn.com\/fr\/wp-json\/wp\/v2\/product_tag?post=3962"}],"curies":[{"name":"wp","href":"https:\/\/api.w.org\/{rel}","templated":true}]}}