{"id":4088,"date":"2023-10-10T00:24:27","date_gmt":"2023-10-10T00:24:27","guid":{"rendered":"https:\/\/tsstsn.com\/?page_id=4088"},"modified":"2023-10-10T00:26:52","modified_gmt":"2023-10-10T00:26:52","slug":"facial-cleansers","status":"publish","type":"page","link":"https:\/\/tsstsn.com\/fr\/facial-cleansers\/","title":{"rendered":"FACIAL CLEANSERS"},"content":{"rendered":"<div data-elementor-type=\"wp-page\" data-elementor-id=\"4088\" class=\"elementor elementor-4088\">\n\t\t\t\t\t\t<section class=\"elementor-section elementor-top-section elementor-element elementor-element-85843ef elementor-section-boxed elementor-section-height-default elementor-section-height-default\" data-id=\"85843ef\" data-element_type=\"section\" data-e-type=\"section\">\n\t\t\t\t\t\t<div class=\"elementor-container elementor-column-gap-default\">\n\t\t\t\t\t<div class=\"elementor-column elementor-col-100 elementor-top-column elementor-element elementor-element-3ea76c4\" data-id=\"3ea76c4\" data-element_type=\"column\" data-e-type=\"column\">\n\t\t\t<div class=\"elementor-widget-wrap elementor-element-populated\">\n\t\t\t\t\t\t<div class=\"elementor-element elementor-element-de2669e elementor-widget elementor-widget-image\" data-id=\"de2669e\" data-element_type=\"widget\" data-e-type=\"widget\" data-widget_type=\"image.default\">\n\t\t\t\t<div class=\"elementor-widget-container\">\n\t\t\t\t\t\t\t\t\t\t\t\t\t\t\t<img fetchpriority=\"high\" decoding=\"async\" width=\"1273\" height=\"371\" src=\"https:\/\/tsstsn.com\/wp-content\/uploads\/2023\/10\/fvgtr.png\" class=\"attachment-full size-full wp-image-4091\" alt=\"\" srcset=\"https:\/\/tsstsn.com\/wp-content\/uploads\/2023\/10\/fvgtr.png 1273w, https:\/\/tsstsn.com\/wp-content\/uploads\/2023\/10\/fvgtr-450x131.png 450w, https:\/\/tsstsn.com\/wp-content\/uploads\/2023\/10\/fvgtr-595x173.png 595w, https:\/\/tsstsn.com\/wp-content\/uploads\/2023\/10\/fvgtr-150x44.png 150w, https:\/\/tsstsn.com\/wp-content\/uploads\/2023\/10\/fvgtr-768x224.png 768w, https:\/\/tsstsn.com\/wp-content\/uploads\/2023\/10\/fvgtr-18x5.png 18w\" sizes=\"(max-width: 1273px) 100vw, 1273px\" \/>\t\t\t\t\t\t\t\t\t\t\t\t\t\t\t<\/div>\n\t\t\t\t<\/div>\n\t\t\t\t\t<\/div>\n\t\t<\/div>\n\t\t\t\t\t<\/div>\n\t\t<\/section>\n\t\t\t\t<section class=\"elementor-section elementor-top-section elementor-element elementor-element-0c75c64 elementor-section-boxed elementor-section-height-default elementor-section-height-default\" data-id=\"0c75c64\" data-element_type=\"section\" data-e-type=\"section\">\n\t\t\t\t\t\t<div class=\"elementor-container elementor-column-gap-default\">\n\t\t\t\t\t<div class=\"elementor-column elementor-col-100 elementor-top-column elementor-element elementor-element-fad6955\" data-id=\"fad6955\" data-element_type=\"column\" data-e-type=\"column\">\n\t\t\t<div class=\"elementor-widget-wrap elementor-element-populated\">\n\t\t\t\t\t\t<div class=\"elementor-element elementor-element-25360c3 elementor-widget elementor-widget-nasa-products\" data-id=\"25360c3\" data-element_type=\"widget\" data-e-type=\"widget\" data-widget_type=\"nasa-products.default\">\n\t\t\t\t<div class=\"elementor-widget-container\">\n\t\t\t\t\t            <div class=\"nasa-sc products woocommerce ns-type-grid\">\r\n                <div class=\"row nasa-row-child-clear-none mobile-padding-left-5 mobile-padding-right-5\"><div class=\"product-warp-item columns large-3 medium-4 small-6 nasa-hoz-buttons\">\r\n<div class=\"product type-product post-4143 status-publish first instock product_cat-beauty product_cat-cerave product_cat-facial-cleansers has-post-thumbnail shipping-taxable purchasable product-type-simple product-item grid hover-fade\">\r\n\r\n    \r\n    <div class=\"product-img-wrap\">\r\n        <div class=\"nasa-sc-pdeal-countdown hidden-tag\"><\/div><div class=\"nasa-product-grid nasa-group-btns nasa-btns-product-item\"><a href=\"\/fr\/wp-json\/wp\/v2\/pages\/4088?add-to-cart=4143\" data-quantity=\"1\" class=\"button product_type_simple add_to_cart_button ajax_add_to_cart add-to-cart-grid btn-link nasa-tip\" data-product_id=\"4143\" data-product_sku=\"\" aria-label=\"Ajouter au panier\u00a0: \u201cHydrating Facial Cleanser\u201d\" rel=\"nofollow\" data-success_message=\"\u00ab\u00a0Hydrating Facial Cleanser\u00a0\u00bb a \u00e9t\u00e9 ajout\u00e9 \u00e0 votre panier\" title=\"Ajouter au panier\" role=\"button\" data-no-translation-aria-label=\"\" data-no-translation-data-success_message=\"\" data-no-translation-title=\"\"><span class=\"add_to_cart_text\" data-no-translation=\"\" data-trp-gettext=\"\">Ajouter au panier<\/span><i class=\"cart-icon nasa-df-plus\"><\/i><\/a>\r\n            <a href=\"javascript:void(0);\" class=\"btn-wishlist btn-link wishlist-icon btn-nasa-wishlist nasa-tip nasa-tip-left\" data-prod=\"4143\" data-prod_type=\"simple\" data-icon-text=\"Wishlist\" title=\"Wishlist\" rel=\"nofollow\">\r\n                <i class=\"nasa-icon icon-nasa-like\"><\/i>\r\n            <\/a>\r\n\r\n            <a href=\"javascript:void(0);\" class=\"quick-view btn-link quick-view-icon nasa-tip nasa-tip-left\" data-prod=\"4143\" data-icon-text=\"Quick View\" title=\"Quick View\" data-product_type=\"simple\" data-href=\"https:\/\/tsstsn.com\/fr\/produit\/hydrating-facial-cleanser\/\" rel=\"nofollow\"><i class=\"nasa-icon pe-7s-look\"><\/i><\/a><\/div>\r\n\r\n<a class=\"product-img\" href=\"https:\/\/tsstsn.com\/fr\/produit\/hydrating-facial-cleanser\/\" title=\"Hydrating Facial Cleanser\">\r\n    <div class=\"main-img\">\r\n        <img decoding=\"async\" width=\"450\" height=\"563\" src=\"https:\/\/tsstsn.com\/wp-content\/uploads\/2023\/10\/cerave_daily_hydrating-cleanser_12oz_front-700x875-v2-450x563.webp\" class=\"attachment-woocommerce_thumbnail size-woocommerce_thumbnail\" alt=\"Hydrating Facial Cleanser\" srcset=\"https:\/\/tsstsn.com\/wp-content\/uploads\/2023\/10\/cerave_daily_hydrating-cleanser_12oz_front-700x875-v2-450x563.webp 450w, https:\/\/tsstsn.com\/wp-content\/uploads\/2023\/10\/cerave_daily_hydrating-cleanser_12oz_front-700x875-v2-240x300.webp 240w, https:\/\/tsstsn.com\/wp-content\/uploads\/2023\/10\/cerave_daily_hydrating-cleanser_12oz_front-700x875-v2-120x150.webp 120w, https:\/\/tsstsn.com\/wp-content\/uploads\/2023\/10\/cerave_daily_hydrating-cleanser_12oz_front-700x875-v2-10x12.webp 10w, https:\/\/tsstsn.com\/wp-content\/uploads\/2023\/10\/cerave_daily_hydrating-cleanser_12oz_front-700x875-v2.webp 500w\" sizes=\"(max-width: 450px) 100vw, 450px\" \/>    <\/div>\r\n\r\n    <div class=\"back-img back\"><img decoding=\"async\" width=\"450\" height=\"563\" src=\"https:\/\/tsstsn.com\/wp-content\/uploads\/2023\/10\/cerave_daily_hydrating-cleanser_12oz_back-700x875-v2-450x563.webp\" class=\"attachment-woocommerce_thumbnail size-woocommerce_thumbnail\" alt=\"\" srcset=\"https:\/\/tsstsn.com\/wp-content\/uploads\/2023\/10\/cerave_daily_hydrating-cleanser_12oz_back-700x875-v2-450x563.webp 450w, https:\/\/tsstsn.com\/wp-content\/uploads\/2023\/10\/cerave_daily_hydrating-cleanser_12oz_back-700x875-v2-240x300.webp 240w, https:\/\/tsstsn.com\/wp-content\/uploads\/2023\/10\/cerave_daily_hydrating-cleanser_12oz_back-700x875-v2-120x150.webp 120w, https:\/\/tsstsn.com\/wp-content\/uploads\/2023\/10\/cerave_daily_hydrating-cleanser_12oz_back-700x875-v2-10x12.webp 10w, https:\/\/tsstsn.com\/wp-content\/uploads\/2023\/10\/cerave_daily_hydrating-cleanser_12oz_back-700x875-v2.webp 500w\" sizes=\"(max-width: 450px) 100vw, 450px\" \/><\/div><\/a>    <\/div>\r\n\r\n    <div class=\"product-info-wrap info\">\r\n                \r\n        <a class=\"name woocommerce-loop-product__title nasa-show-one-line\" href=\"https:\/\/tsstsn.com\/fr\/produit\/hydrating-facial-cleanser\/\" title=\"Hydrating Facial Cleanser\">\r\n            Hydrating Facial Cleanser        <\/a>\r\n            \n\t<span class=\"price\"><span class=\"woocommerce-Price-amount amount\"><bdi><span class=\"woocommerce-Price-currencySymbol\">&#36;<\/span>30.00<\/bdi><\/span><\/span>\n    <\/div>\r\n\r\n    \r\n<\/div>\r\n\r\n<\/div><div class=\"product-warp-item columns large-3 medium-4 small-6 nasa-hoz-buttons\">\r\n<div class=\"product type-product post-4137 status-publish instock product_cat-beauty product_cat-cerave product_cat-facial-cleansers product_cat-uncategorized has-post-thumbnail shipping-taxable purchasable product-type-simple product-item grid hover-fade\">\r\n\r\n    \r\n    <div class=\"product-img-wrap\">\r\n        <div class=\"nasa-sc-pdeal-countdown hidden-tag\"><\/div><div class=\"nasa-product-grid nasa-group-btns nasa-btns-product-item\"><a href=\"\/fr\/wp-json\/wp\/v2\/pages\/4088?add-to-cart=4137\" data-quantity=\"1\" class=\"button product_type_simple add_to_cart_button ajax_add_to_cart add-to-cart-grid btn-link nasa-tip\" data-product_id=\"4137\" data-product_sku=\"\" aria-label=\"Ajouter au panier\u00a0: \u201cHydrating Foaming Oil Cleanser\u201d\" rel=\"nofollow\" data-success_message=\"\u00ab\u00a0Hydrating Foaming Oil Cleanser\u00a0\u00bb a \u00e9t\u00e9 ajout\u00e9 \u00e0 votre panier\" title=\"Ajouter au panier\" role=\"button\" data-no-translation-aria-label=\"\" data-no-translation-data-success_message=\"\" data-no-translation-title=\"\"><span class=\"add_to_cart_text\" data-no-translation=\"\" data-trp-gettext=\"\">Ajouter au panier<\/span><i class=\"cart-icon nasa-df-plus\"><\/i><\/a>\r\n            <a href=\"javascript:void(0);\" class=\"btn-wishlist btn-link wishlist-icon btn-nasa-wishlist nasa-tip nasa-tip-left\" data-prod=\"4137\" data-prod_type=\"simple\" data-icon-text=\"Wishlist\" title=\"Wishlist\" rel=\"nofollow\">\r\n                <i class=\"nasa-icon icon-nasa-like\"><\/i>\r\n            <\/a>\r\n\r\n            <a href=\"javascript:void(0);\" class=\"quick-view btn-link quick-view-icon nasa-tip nasa-tip-left\" data-prod=\"4137\" data-icon-text=\"Quick View\" title=\"Quick View\" data-product_type=\"simple\" data-href=\"https:\/\/tsstsn.com\/fr\/produit\/hydrating-foaming-oil-cleanser\/\" rel=\"nofollow\"><i class=\"nasa-icon pe-7s-look\"><\/i><\/a><\/div>\r\n\r\n<a class=\"product-img\" href=\"https:\/\/tsstsn.com\/fr\/produit\/hydrating-foaming-oil-cleanser\/\" title=\"Hydrating Foaming Oil Cleanser\">\r\n    <div class=\"main-img\">\r\n        <img loading=\"lazy\" decoding=\"async\" width=\"450\" height=\"563\" src=\"https:\/\/tsstsn.com\/wp-content\/uploads\/2023\/10\/12_hydrating_foaming_oil_cleanser_8oz_int_0153_main_r2-desktop-700x875-v1-450x563.webp\" class=\"attachment-woocommerce_thumbnail size-woocommerce_thumbnail\" alt=\"Hydrating Foaming Oil Cleanser\" srcset=\"https:\/\/tsstsn.com\/wp-content\/uploads\/2023\/10\/12_hydrating_foaming_oil_cleanser_8oz_int_0153_main_r2-desktop-700x875-v1-450x563.webp 450w, https:\/\/tsstsn.com\/wp-content\/uploads\/2023\/10\/12_hydrating_foaming_oil_cleanser_8oz_int_0153_main_r2-desktop-700x875-v1-240x300.webp 240w, https:\/\/tsstsn.com\/wp-content\/uploads\/2023\/10\/12_hydrating_foaming_oil_cleanser_8oz_int_0153_main_r2-desktop-700x875-v1-120x150.webp 120w, https:\/\/tsstsn.com\/wp-content\/uploads\/2023\/10\/12_hydrating_foaming_oil_cleanser_8oz_int_0153_main_r2-desktop-700x875-v1-10x12.webp 10w, https:\/\/tsstsn.com\/wp-content\/uploads\/2023\/10\/12_hydrating_foaming_oil_cleanser_8oz_int_0153_main_r2-desktop-700x875-v1.webp 500w\" sizes=\"(max-width: 450px) 100vw, 450px\" \/>    <\/div>\r\n\r\n    <div class=\"back-img back\"><img loading=\"lazy\" decoding=\"async\" width=\"450\" height=\"563\" src=\"https:\/\/tsstsn.com\/wp-content\/uploads\/2023\/10\/12_hydrating_foaming_oil_cleanser_8oz_int_0155_main_r2-desktop-700x875-v1-450x563.webp\" class=\"attachment-woocommerce_thumbnail size-woocommerce_thumbnail\" alt=\"\" srcset=\"https:\/\/tsstsn.com\/wp-content\/uploads\/2023\/10\/12_hydrating_foaming_oil_cleanser_8oz_int_0155_main_r2-desktop-700x875-v1-450x563.webp 450w, https:\/\/tsstsn.com\/wp-content\/uploads\/2023\/10\/12_hydrating_foaming_oil_cleanser_8oz_int_0155_main_r2-desktop-700x875-v1-240x300.webp 240w, https:\/\/tsstsn.com\/wp-content\/uploads\/2023\/10\/12_hydrating_foaming_oil_cleanser_8oz_int_0155_main_r2-desktop-700x875-v1-120x150.webp 120w, https:\/\/tsstsn.com\/wp-content\/uploads\/2023\/10\/12_hydrating_foaming_oil_cleanser_8oz_int_0155_main_r2-desktop-700x875-v1-10x12.webp 10w, https:\/\/tsstsn.com\/wp-content\/uploads\/2023\/10\/12_hydrating_foaming_oil_cleanser_8oz_int_0155_main_r2-desktop-700x875-v1.webp 500w\" sizes=\"(max-width: 450px) 100vw, 450px\" \/><\/div><\/a>    <\/div>\r\n\r\n    <div class=\"product-info-wrap info\">\r\n                \r\n        <a class=\"name woocommerce-loop-product__title nasa-show-one-line\" href=\"https:\/\/tsstsn.com\/fr\/produit\/hydrating-foaming-oil-cleanser\/\" title=\"Hydrating Foaming Oil Cleanser\">\r\n            Hydrating Foaming Oil Cleanser        <\/a>\r\n            \n\t<span class=\"price\"><span class=\"woocommerce-Price-amount amount\"><bdi><span class=\"woocommerce-Price-currencySymbol\">&#36;<\/span>50.00<\/bdi><\/span><\/span>\n    <\/div>\r\n\r\n    \r\n<\/div>\r\n\r\n<\/div><div class=\"product-warp-item columns large-3 medium-4 small-6 nasa-hoz-buttons\">\r\n<div class=\"product type-product post-4134 status-publish instock product_cat-beauty product_cat-cerave product_cat-facial-cleansers has-post-thumbnail shipping-taxable purchasable product-type-simple product-item grid hover-fade\">\r\n\r\n    \r\n    <div class=\"product-img-wrap\">\r\n        <div class=\"nasa-sc-pdeal-countdown hidden-tag\"><\/div><div class=\"nasa-product-grid nasa-group-btns nasa-btns-product-item\"><a href=\"\/fr\/wp-json\/wp\/v2\/pages\/4088?add-to-cart=4134\" data-quantity=\"1\" class=\"button product_type_simple add_to_cart_button ajax_add_to_cart add-to-cart-grid btn-link nasa-tip\" data-product_id=\"4134\" data-product_sku=\"\" aria-label=\"Ajouter au panier\u00a0: \u201cAcne Foaming Cream Wash\u201d\" rel=\"nofollow\" data-success_message=\"\u00ab\u00a0Acne Foaming Cream Wash\u00a0\u00bb a \u00e9t\u00e9 ajout\u00e9 \u00e0 votre panier\" title=\"Ajouter au panier\" role=\"button\" data-no-translation-aria-label=\"\" data-no-translation-data-success_message=\"\" data-no-translation-title=\"\"><span class=\"add_to_cart_text\" data-no-translation=\"\" data-trp-gettext=\"\">Ajouter au panier<\/span><i class=\"cart-icon nasa-df-plus\"><\/i><\/a>\r\n            <a href=\"javascript:void(0);\" class=\"btn-wishlist btn-link wishlist-icon btn-nasa-wishlist nasa-tip nasa-tip-left\" data-prod=\"4134\" data-prod_type=\"simple\" data-icon-text=\"Wishlist\" title=\"Wishlist\" rel=\"nofollow\">\r\n                <i class=\"nasa-icon icon-nasa-like\"><\/i>\r\n            <\/a>\r\n\r\n            <a href=\"javascript:void(0);\" class=\"quick-view btn-link quick-view-icon nasa-tip nasa-tip-left\" data-prod=\"4134\" data-icon-text=\"Quick View\" title=\"Quick View\" data-product_type=\"simple\" data-href=\"https:\/\/tsstsn.com\/fr\/produit\/acne-foaming-cream-wash\/\" rel=\"nofollow\"><i class=\"nasa-icon pe-7s-look\"><\/i><\/a><\/div>\r\n\r\n<a class=\"product-img\" href=\"https:\/\/tsstsn.com\/fr\/produit\/acne-foaming-cream-wash\/\" title=\"Acne Foaming Cream Wash\">\r\n    <div class=\"main-img\">\r\n        <img loading=\"lazy\" decoding=\"async\" width=\"450\" height=\"505\" src=\"https:\/\/tsstsn.com\/wp-content\/uploads\/2023\/10\/acne-foaming-wash-pdp-700x785-v1-450x505.webp\" class=\"attachment-woocommerce_thumbnail size-woocommerce_thumbnail\" alt=\"Acne Foaming Cream Wash\" srcset=\"https:\/\/tsstsn.com\/wp-content\/uploads\/2023\/10\/acne-foaming-wash-pdp-700x785-v1-450x505.webp 450w, https:\/\/tsstsn.com\/wp-content\/uploads\/2023\/10\/acne-foaming-wash-pdp-700x785-v1-267x300.webp 267w, https:\/\/tsstsn.com\/wp-content\/uploads\/2023\/10\/acne-foaming-wash-pdp-700x785-v1-134x150.webp 134w, https:\/\/tsstsn.com\/wp-content\/uploads\/2023\/10\/acne-foaming-wash-pdp-700x785-v1-11x12.webp 11w, https:\/\/tsstsn.com\/wp-content\/uploads\/2023\/10\/acne-foaming-wash-pdp-700x785-v1.webp 500w\" sizes=\"(max-width: 450px) 100vw, 450px\" \/>    <\/div>\r\n\r\n    <div class=\"back-img back\"><img loading=\"lazy\" decoding=\"async\" width=\"450\" height=\"563\" src=\"https:\/\/tsstsn.com\/wp-content\/uploads\/2023\/10\/CeraVeUSAcneFoamingCreamWash10UCDesktop700x875v1-450x563.jpg\" class=\"attachment-woocommerce_thumbnail size-woocommerce_thumbnail\" alt=\"\" srcset=\"https:\/\/tsstsn.com\/wp-content\/uploads\/2023\/10\/CeraVeUSAcneFoamingCreamWash10UCDesktop700x875v1-450x563.jpg 450w, https:\/\/tsstsn.com\/wp-content\/uploads\/2023\/10\/CeraVeUSAcneFoamingCreamWash10UCDesktop700x875v1-240x300.jpg 240w, https:\/\/tsstsn.com\/wp-content\/uploads\/2023\/10\/CeraVeUSAcneFoamingCreamWash10UCDesktop700x875v1-120x150.jpg 120w, https:\/\/tsstsn.com\/wp-content\/uploads\/2023\/10\/CeraVeUSAcneFoamingCreamWash10UCDesktop700x875v1-10x12.jpg 10w, https:\/\/tsstsn.com\/wp-content\/uploads\/2023\/10\/CeraVeUSAcneFoamingCreamWash10UCDesktop700x875v1.jpg 500w\" sizes=\"(max-width: 450px) 100vw, 450px\" \/><\/div><\/a>    <\/div>\r\n\r\n    <div class=\"product-info-wrap info\">\r\n                \r\n        <a class=\"name woocommerce-loop-product__title nasa-show-one-line\" href=\"https:\/\/tsstsn.com\/fr\/produit\/acne-foaming-cream-wash\/\" title=\"Acne Foaming Cream Wash\">\r\n            Acne Foaming Cream Wash        <\/a>\r\n            \n\t<span class=\"price\"><span class=\"woocommerce-Price-amount amount\"><bdi><span class=\"woocommerce-Price-currencySymbol\">&#36;<\/span>30.00<\/bdi><\/span><\/span>\n    <\/div>\r\n\r\n    \r\n<\/div>\r\n\r\n<\/div><\/div>            <\/div>\r\n            \t\t\t\t<\/div>\n\t\t\t\t<\/div>\n\t\t\t\t\t<\/div>\n\t\t<\/div>\n\t\t\t\t\t<\/div>\n\t\t<\/section>\n\t\t\t\t<\/div>","protected":false},"excerpt":{"rendered":"","protected":false},"author":1,"featured_media":0,"parent":0,"menu_order":0,"comment_status":"closed","ping_status":"closed","template":"","meta":{"footnotes":""},"class_list":["post-4088","page","type-page","status-publish","hentry"],"jetpack_sharing_enabled":true,"_links":{"self":[{"href":"https:\/\/tsstsn.com\/fr\/wp-json\/wp\/v2\/pages\/4088","targetHints":{"allow":["GET"]}}],"collection":[{"href":"https:\/\/tsstsn.com\/fr\/wp-json\/wp\/v2\/pages"}],"about":[{"href":"https:\/\/tsstsn.com\/fr\/wp-json\/wp\/v2\/types\/page"}],"author":[{"embeddable":true,"href":"https:\/\/tsstsn.com\/fr\/wp-json\/wp\/v2\/users\/1"}],"replies":[{"embeddable":true,"href":"https:\/\/tsstsn.com\/fr\/wp-json\/wp\/v2\/comments?post=4088"}],"version-history":[{"count":4,"href":"https:\/\/tsstsn.com\/fr\/wp-json\/wp\/v2\/pages\/4088\/revisions"}],"predecessor-version":[{"id":4094,"href":"https:\/\/tsstsn.com\/fr\/wp-json\/wp\/v2\/pages\/4088\/revisions\/4094"}],"wp:attachment":[{"href":"https:\/\/tsstsn.com\/fr\/wp-json\/wp\/v2\/media?parent=4088"}],"curies":[{"name":"wp","href":"https:\/\/api.w.org\/{rel}","templated":true}]}}