{"id":4069,"date":"2023-10-10T00:18:33","date_gmt":"2023-10-10T00:18:33","guid":{"rendered":"https:\/\/tsstsn.com\/?page_id=4069"},"modified":"2023-10-10T00:20:10","modified_gmt":"2023-10-10T00:20:10","slug":"facial-moisturizers","status":"publish","type":"page","link":"https:\/\/tsstsn.com\/fr\/facial-moisturizers\/","title":{"rendered":"FACIAL MOISTURIZERS"},"content":{"rendered":"<div data-elementor-type=\"wp-page\" data-elementor-id=\"4069\" class=\"elementor elementor-4069\">\n\t\t\t\t\t\t<section class=\"elementor-section elementor-top-section elementor-element elementor-element-4d11e93 elementor-section-boxed elementor-section-height-default elementor-section-height-default\" data-id=\"4d11e93\" data-element_type=\"section\" data-e-type=\"section\">\n\t\t\t\t\t\t<div class=\"elementor-container elementor-column-gap-default\">\n\t\t\t\t\t<div class=\"elementor-column elementor-col-100 elementor-top-column elementor-element elementor-element-0447d24\" data-id=\"0447d24\" data-element_type=\"column\" data-e-type=\"column\">\n\t\t\t<div class=\"elementor-widget-wrap elementor-element-populated\">\n\t\t\t\t\t\t<div class=\"elementor-element elementor-element-86ca4f0 elementor-widget elementor-widget-image\" data-id=\"86ca4f0\" data-element_type=\"widget\" data-e-type=\"widget\" data-widget_type=\"image.default\">\n\t\t\t\t<div class=\"elementor-widget-container\">\n\t\t\t\t\t\t\t\t\t\t\t\t\t\t\t<img fetchpriority=\"high\" decoding=\"async\" width=\"1273\" height=\"394\" src=\"https:\/\/tsstsn.com\/wp-content\/uploads\/2023\/10\/jyjy-1.png\" class=\"attachment-full size-full wp-image-4071\" alt=\"\" srcset=\"https:\/\/tsstsn.com\/wp-content\/uploads\/2023\/10\/jyjy-1.png 1273w, https:\/\/tsstsn.com\/wp-content\/uploads\/2023\/10\/jyjy-1-450x139.png 450w, https:\/\/tsstsn.com\/wp-content\/uploads\/2023\/10\/jyjy-1-595x184.png 595w, https:\/\/tsstsn.com\/wp-content\/uploads\/2023\/10\/jyjy-1-150x46.png 150w, https:\/\/tsstsn.com\/wp-content\/uploads\/2023\/10\/jyjy-1-768x238.png 768w, https:\/\/tsstsn.com\/wp-content\/uploads\/2023\/10\/jyjy-1-18x6.png 18w\" sizes=\"(max-width: 1273px) 100vw, 1273px\" \/>\t\t\t\t\t\t\t\t\t\t\t\t\t\t\t<\/div>\n\t\t\t\t<\/div>\n\t\t\t\t\t<\/div>\n\t\t<\/div>\n\t\t\t\t\t<\/div>\n\t\t<\/section>\n\t\t\t\t<section class=\"elementor-section elementor-top-section elementor-element elementor-element-017f1e1 elementor-section-boxed elementor-section-height-default elementor-section-height-default\" data-id=\"017f1e1\" data-element_type=\"section\" data-e-type=\"section\">\n\t\t\t\t\t\t<div class=\"elementor-container elementor-column-gap-default\">\n\t\t\t\t\t<div class=\"elementor-column elementor-col-100 elementor-top-column elementor-element elementor-element-028f652\" data-id=\"028f652\" data-element_type=\"column\" data-e-type=\"column\">\n\t\t\t<div class=\"elementor-widget-wrap elementor-element-populated\">\n\t\t\t\t\t\t<div class=\"elementor-element elementor-element-544b72f elementor-widget elementor-widget-nasa-products\" data-id=\"544b72f\" data-element_type=\"widget\" data-e-type=\"widget\" data-widget_type=\"nasa-products.default\">\n\t\t\t\t<div class=\"elementor-widget-container\">\n\t\t\t\t\t            <div class=\"nasa-sc products woocommerce ns-type-grid\">\r\n                <div class=\"row nasa-row-child-clear-none mobile-padding-left-5 mobile-padding-right-5\"><div class=\"product-warp-item columns large-3 medium-4 small-6 nasa-hoz-buttons\">\r\n<div class=\"product type-product post-4147 status-publish first instock product_cat-beauty product_cat-cerave product_cat-facial-moisturizers has-post-thumbnail shipping-taxable purchasable product-type-simple product-item grid hover-fade\">\r\n\r\n    \r\n    <div class=\"product-img-wrap\">\r\n        <div class=\"nasa-sc-pdeal-countdown hidden-tag\"><\/div><div class=\"nasa-product-grid nasa-group-btns nasa-btns-product-item\"><a href=\"\/fr\/wp-json\/wp\/v2\/pages\/4069?add-to-cart=4147\" data-quantity=\"1\" class=\"button product_type_simple add_to_cart_button ajax_add_to_cart add-to-cart-grid btn-link nasa-tip\" data-product_id=\"4147\" data-product_sku=\"\" aria-label=\"Ajouter au panier\u00a0: \u201cUltra-Light Moisturizing Gel\u201d\" rel=\"nofollow\" data-success_message=\"\u00ab\u00a0Ultra-Light Moisturizing Gel\u00a0\u00bb a \u00e9t\u00e9 ajout\u00e9 \u00e0 votre panier\" title=\"Ajouter au panier\" role=\"button\" data-no-translation-aria-label=\"\" data-no-translation-data-success_message=\"\" data-no-translation-title=\"\"><span class=\"add_to_cart_text\" data-no-translation=\"\" data-trp-gettext=\"\">Ajouter au panier<\/span><i class=\"cart-icon nasa-df-plus\"><\/i><\/a>\r\n            <a href=\"javascript:void(0);\" class=\"btn-wishlist btn-link wishlist-icon btn-nasa-wishlist nasa-tip nasa-tip-left\" data-prod=\"4147\" data-prod_type=\"simple\" data-icon-text=\"Wishlist\" title=\"Wishlist\" rel=\"nofollow\">\r\n                <i class=\"nasa-icon icon-nasa-like\"><\/i>\r\n            <\/a>\r\n\r\n            <a href=\"javascript:void(0);\" class=\"quick-view btn-link quick-view-icon nasa-tip nasa-tip-left\" data-prod=\"4147\" data-icon-text=\"Quick View\" title=\"Quick View\" data-product_type=\"simple\" data-href=\"https:\/\/tsstsn.com\/fr\/produit\/ultra-light-moisturizing-gel\/\" rel=\"nofollow\"><i class=\"nasa-icon pe-7s-look\"><\/i><\/a><\/div>\r\n\r\n<a class=\"product-img\" href=\"https:\/\/tsstsn.com\/fr\/produit\/ultra-light-moisturizing-gel\/\" title=\"Ultra-Light Moisturizing Gel\">\r\n    <div class=\"main-img\">\r\n        <img decoding=\"async\" width=\"450\" height=\"563\" src=\"https:\/\/tsstsn.com\/wp-content\/uploads\/2023\/10\/ultra-light-gel-packshot-desktop-700x875-v1-450x563.webp\" class=\"attachment-woocommerce_thumbnail size-woocommerce_thumbnail\" alt=\"Ultra-Light Moisturizing Gel\" srcset=\"https:\/\/tsstsn.com\/wp-content\/uploads\/2023\/10\/ultra-light-gel-packshot-desktop-700x875-v1-450x563.webp 450w, https:\/\/tsstsn.com\/wp-content\/uploads\/2023\/10\/ultra-light-gel-packshot-desktop-700x875-v1-240x300.webp 240w, https:\/\/tsstsn.com\/wp-content\/uploads\/2023\/10\/ultra-light-gel-packshot-desktop-700x875-v1-120x150.webp 120w, https:\/\/tsstsn.com\/wp-content\/uploads\/2023\/10\/ultra-light-gel-packshot-desktop-700x875-v1-10x12.webp 10w, https:\/\/tsstsn.com\/wp-content\/uploads\/2023\/10\/ultra-light-gel-packshot-desktop-700x875-v1.webp 500w\" sizes=\"(max-width: 450px) 100vw, 450px\" \/>    <\/div>\r\n\r\n    <div class=\"back-img back\"><img decoding=\"async\" width=\"450\" height=\"563\" src=\"https:\/\/tsstsn.com\/wp-content\/uploads\/2023\/10\/07_ultra_light_moisturizing_gel_us_0075_main-desktop-700x875-v1-450x563.webp\" class=\"attachment-woocommerce_thumbnail size-woocommerce_thumbnail\" alt=\"\" srcset=\"https:\/\/tsstsn.com\/wp-content\/uploads\/2023\/10\/07_ultra_light_moisturizing_gel_us_0075_main-desktop-700x875-v1-450x563.webp 450w, https:\/\/tsstsn.com\/wp-content\/uploads\/2023\/10\/07_ultra_light_moisturizing_gel_us_0075_main-desktop-700x875-v1-240x300.webp 240w, https:\/\/tsstsn.com\/wp-content\/uploads\/2023\/10\/07_ultra_light_moisturizing_gel_us_0075_main-desktop-700x875-v1-120x150.webp 120w, https:\/\/tsstsn.com\/wp-content\/uploads\/2023\/10\/07_ultra_light_moisturizing_gel_us_0075_main-desktop-700x875-v1-10x12.webp 10w, https:\/\/tsstsn.com\/wp-content\/uploads\/2023\/10\/07_ultra_light_moisturizing_gel_us_0075_main-desktop-700x875-v1.webp 500w\" sizes=\"(max-width: 450px) 100vw, 450px\" \/><\/div><\/a>    <\/div>\r\n\r\n    <div class=\"product-info-wrap info\">\r\n                \r\n        <a class=\"name woocommerce-loop-product__title nasa-show-one-line\" href=\"https:\/\/tsstsn.com\/fr\/produit\/ultra-light-moisturizing-gel\/\" title=\"Ultra-Light Moisturizing Gel\">\r\n            Ultra-Light Moisturizing Gel        <\/a>\r\n            \n\t<span class=\"price\"><span class=\"woocommerce-Price-amount amount\"><bdi><span class=\"woocommerce-Price-currencySymbol\">&#36;<\/span>60.00<\/bdi><\/span><\/span>\n    <\/div>\r\n\r\n    \r\n<\/div>\r\n\r\n<\/div><\/div>            <\/div>\r\n            \t\t\t\t<\/div>\n\t\t\t\t<\/div>\n\t\t\t\t\t<\/div>\n\t\t<\/div>\n\t\t\t\t\t<\/div>\n\t\t<\/section>\n\t\t\t\t<\/div>","protected":false},"excerpt":{"rendered":"","protected":false},"author":1,"featured_media":0,"parent":0,"menu_order":0,"comment_status":"closed","ping_status":"closed","template":"","meta":{"footnotes":""},"class_list":["post-4069","page","type-page","status-publish","hentry"],"jetpack_sharing_enabled":true,"_links":{"self":[{"href":"https:\/\/tsstsn.com\/fr\/wp-json\/wp\/v2\/pages\/4069","targetHints":{"allow":["GET"]}}],"collection":[{"href":"https:\/\/tsstsn.com\/fr\/wp-json\/wp\/v2\/pages"}],"about":[{"href":"https:\/\/tsstsn.com\/fr\/wp-json\/wp\/v2\/types\/page"}],"author":[{"embeddable":true,"href":"https:\/\/tsstsn.com\/fr\/wp-json\/wp\/v2\/users\/1"}],"replies":[{"embeddable":true,"href":"https:\/\/tsstsn.com\/fr\/wp-json\/wp\/v2\/comments?post=4069"}],"version-history":[{"count":7,"href":"https:\/\/tsstsn.com\/fr\/wp-json\/wp\/v2\/pages\/4069\/revisions"}],"predecessor-version":[{"id":4077,"href":"https:\/\/tsstsn.com\/fr\/wp-json\/wp\/v2\/pages\/4069\/revisions\/4077"}],"wp:attachment":[{"href":"https:\/\/tsstsn.com\/fr\/wp-json\/wp\/v2\/media?parent=4069"}],"curies":[{"name":"wp","href":"https:\/\/api.w.org\/{rel}","templated":true}]}}