{"id":3709,"date":"2023-08-25T15:03:54","date_gmt":"2023-08-25T15:03:54","guid":{"rendered":""},"modified":"2023-10-02T13:37:17","modified_gmt":"2023-10-02T13:37:17","slug":"elm-about-us","status":"publish","type":"page","link":"https:\/\/tsstsn.com\/fr\/elm-about-us\/","title":{"rendered":"A propos de nous"},"content":{"rendered":"<div data-elementor-type=\"wp-page\" data-elementor-id=\"3709\" class=\"elementor elementor-3709\">\n\t\t\t\t\t\t<section class=\"elementor-section elementor-top-section elementor-element elementor-element-5158b412 elementor-section-boxed elementor-section-height-default elementor-section-height-default\" data-id=\"5158b412\" data-element_type=\"section\" data-e-type=\"section\">\n\t\t\t\t\t\t<div class=\"elementor-container elementor-column-gap-default\">\n\t\t\t\t\t<div class=\"elementor-column elementor-col-100 elementor-top-column elementor-element elementor-element-11875c9\" data-id=\"11875c9\" data-element_type=\"column\" data-e-type=\"column\">\n\t\t\t<div class=\"elementor-widget-wrap elementor-element-populated\">\n\t\t\t\t\t\t<div class=\"elementor-element elementor-element-27d8ef86 elementor-widget elementor-widget-heading\" data-id=\"27d8ef86\" data-element_type=\"widget\" data-e-type=\"widget\" data-widget_type=\"heading.default\">\n\t\t\t\t<div class=\"elementor-widget-container\">\n\t\t\t\t\t<h1 class=\"elementor-heading-title elementor-size-default\">A propos de nous<\/h1>\t\t\t\t<\/div>\n\t\t\t\t<\/div>\n\t\t\t\t<div class=\"elementor-element elementor-element-6c441c0 elementor-widget elementor-widget-text-editor\" data-id=\"6c441c0\" data-element_type=\"widget\" data-e-type=\"widget\" data-widget_type=\"text-editor.default\">\n\t\t\t\t<div class=\"elementor-widget-container\">\n\t\t\t\t\t\t\t\t\t<h3>Total Services Solutions Trading LLC (TSSTSN) est une organisation sp\u00e9cialis\u00e9e en import\/export bas\u00e9e \u00e0 Rhode Island, aux \u00c9tats-Unis. Nous op\u00e9rons et sommes actifs dans toutes les facettes des entreprises. L'entreprise, cr\u00e9\u00e9e en janvier 2023, a \u00e9t\u00e9 initialement cr\u00e9\u00e9e pour aider les entreprises \u00e0 surmonter les d\u00e9fis li\u00e9s \u00e0 un approvisionnement coh\u00e9rent selon leurs besoins.<\/h3><h3>Nous sommes en mesure de fournir de nombreux produits disponibles aux \u00c9tats-Unis et en Europe. Contactez-nous avec vos besoins et nous vous les exp\u00e9dierons aux prix de gros.<\/h3><h3>Nous nous engageons envers nos clients et garantissons une exp\u00e9rience optimale et transparente sur notre chemin vers une satisfaction \u00e0 100 % pour r\u00e9pondre \u00e0 leurs besoins commerciaux.<\/h3>\t\t\t\t\t\t\t\t<\/div>\n\t\t\t\t<\/div>\n\t\t\t\t\t<\/div>\n\t\t<\/div>\n\t\t\t\t\t<\/div>\n\t\t<\/section>\n\t\t\t\t<\/div>","protected":false},"excerpt":{"rendered":"<p>About Us Total Services Solutions Trading LLC (TSSTSN) is a specialized import\/export organization based in Rhode Island, United States. We operate and are active in all facets of businesses. The company, established in January 2023, was initially created to help businesses overcome the challenges associated with consistent supply according to their needs. We are able [&hellip;]<\/p>\n","protected":false},"author":1,"featured_media":0,"parent":0,"menu_order":0,"comment_status":"closed","ping_status":"closed","template":"","meta":{"footnotes":""},"class_list":["post-3709","page","type-page","status-publish","hentry"],"jetpack_sharing_enabled":true,"_links":{"self":[{"href":"https:\/\/tsstsn.com\/fr\/wp-json\/wp\/v2\/pages\/3709","targetHints":{"allow":["GET"]}}],"collection":[{"href":"https:\/\/tsstsn.com\/fr\/wp-json\/wp\/v2\/pages"}],"about":[{"href":"https:\/\/tsstsn.com\/fr\/wp-json\/wp\/v2\/types\/page"}],"author":[{"embeddable":true,"href":"https:\/\/tsstsn.com\/fr\/wp-json\/wp\/v2\/users\/1"}],"replies":[{"embeddable":true,"href":"https:\/\/tsstsn.com\/fr\/wp-json\/wp\/v2\/comments?post=3709"}],"version-history":[{"count":6,"href":"https:\/\/tsstsn.com\/fr\/wp-json\/wp\/v2\/pages\/3709\/revisions"}],"predecessor-version":[{"id":4003,"href":"https:\/\/tsstsn.com\/fr\/wp-json\/wp\/v2\/pages\/3709\/revisions\/4003"}],"wp:attachment":[{"href":"https:\/\/tsstsn.com\/fr\/wp-json\/wp\/v2\/media?parent=3709"}],"curies":[{"name":"wp","href":"https:\/\/api.w.org\/{rel}","templated":true}]}}